{"id":78,"date":"2017-12-12T11:24:21","date_gmt":"2017-12-12T15:24:21","guid":{"rendered":"http:\/\/ayuntamiento.guineo\/transparencia\/?page_id=78"},"modified":"2024-11-26T10:50:12","modified_gmt":"2024-11-26T14:50:12","slug":"definicion-oaim-oficina-de-acceso-a-la-informacion-municipal","status":"publish","type":"page","link":"https:\/\/ayuntamientovicentenoble.gob.do\/transparencia\/definicion-oaim-oficina-de-acceso-a-la-informacion-municipal\/","title":{"rendered":"Definici\u00f3n OAIM (Oficina de Acceso a la Informaci\u00f3n Municipal)"},"content":{"rendered":"<h3><strong>Definici\u00f3n OAI (Oficina de Acceso a la Informaci\u00f3n p\u00fablica)<\/strong><\/h3>\n<hr \/>\n<p>La Oficina de Acceso a la Informaci\u00f3n (OAI), es un mandato de la Ley General de Libre Acceso a la Informaci\u00f3n P\u00fablica Ley 200-04 y el Decreto No. 130-05 que crea el reglamento de dicha ley, con el objetivo de apoyar a entidades y personas tanto p\u00fablicas como privadas mediante las informaciones solicitadas.<\/p>\n<h3><strong>Visi\u00f3n<\/strong><\/h3>\n<hr \/>\n<p>Dar sost\u00e9n a los valores de honestidad, integridad, eficiencia, eficacia, calidad y trabajo en equipo de la Direcci\u00f3n General de \u00c9tica e Integridad Gubernamental (DIGEIG), apoyando as\u00ed los esfuerzos de transparencia institucional.<\/p>\n<p><strong>Misi\u00f3n<\/strong><\/p>\n<hr \/>\n<p>Garantizar el acceso de los usuarios a la informaci\u00f3n sobre la gesti\u00f3n de la Direccion como una forma de validar la transparencia de la instituci\u00f3n.<\/p>\n<h3><strong>Definici\u00f3n RA<\/strong>I<\/h3>\n<hr \/>\n<p>El representante de Acceso a la Informaci\u00f3n, es el responsable de tramitar y facilitar las informaciones requeridas y de ser el canal de comunicaci\u00f3n entre la instituci\u00f3n, ciudadanos y ciudadanas.<\/p>\n\n\n<figure class=\"wp-block-image size-large is-resized\"><img loading=\"lazy\" src=\"http:\/\/ayuntamientovicentenoble.gob.do\/transparencia\/wp-content\/uploads\/2024\/11\/WhatsApp-Image-2024-11-25-at-7.52.45-AM-700x700.jpeg\" alt=\"\" class=\"wp-image-534\" width=\"299\" height=\"299\" srcset=\"https:\/\/ayuntamientovicentenoble.gob.do\/transparencia\/wp-content\/uploads\/2024\/11\/WhatsApp-Image-2024-11-25-at-7.52.45-AM-700x700.jpeg 700w, https:\/\/ayuntamientovicentenoble.gob.do\/transparencia\/wp-content\/uploads\/2024\/11\/WhatsApp-Image-2024-11-25-at-7.52.45-AM-250x250.jpeg 250w, https:\/\/ayuntamientovicentenoble.gob.do\/transparencia\/wp-content\/uploads\/2024\/11\/WhatsApp-Image-2024-11-25-at-7.52.45-AM-150x150.jpeg 150w, https:\/\/ayuntamientovicentenoble.gob.do\/transparencia\/wp-content\/uploads\/2024\/11\/WhatsApp-Image-2024-11-25-at-7.52.45-AM-768x768.jpeg 768w, https:\/\/ayuntamientovicentenoble.gob.do\/transparencia\/wp-content\/uploads\/2024\/11\/WhatsApp-Image-2024-11-25-at-7.52.45-AM-120x120.jpeg 120w, https:\/\/ayuntamientovicentenoble.gob.do\/transparencia\/wp-content\/uploads\/2024\/11\/WhatsApp-Image-2024-11-25-at-7.52.45-AM.jpeg 1280w\" sizes=\"(max-width: 299px) 100vw, 299px\" \/><\/figure>\n\n\n","protected":false},"excerpt":{"rendered":"Definici\u00f3n OAI (Oficina de Acceso a la Informaci\u00f3n p\u00fablica) La Oficina de Acceso a la Informaci\u00f3n (OAI), es un mandato de la Ley General de Libre Acceso a la Informaci\u00f3n P\u00fablica Ley 200-04 y el Decreto No. 130-05 que crea el reglamento de dicha ley, con el objetivo de apoyar a entidades y personas tanto&#8230;","protected":false},"author":3,"featured_media":0,"parent":0,"menu_order":0,"comment_status":"closed","ping_status":"closed","template":"","meta":[],"acf":[],"_links":{"self":[{"href":"https:\/\/ayuntamientovicentenoble.gob.do\/transparencia\/wp-json\/wp\/v2\/pages\/78"}],"collection":[{"href":"https:\/\/ayuntamientovicentenoble.gob.do\/transparencia\/wp-json\/wp\/v2\/pages"}],"about":[{"href":"https:\/\/ayuntamientovicentenoble.gob.do\/transparencia\/wp-json\/wp\/v2\/types\/page"}],"author":[{"embeddable":true,"href":"https:\/\/ayuntamientovicentenoble.gob.do\/transparencia\/wp-json\/wp\/v2\/users\/3"}],"replies":[{"embeddable":true,"href":"https:\/\/ayuntamientovicentenoble.gob.do\/transparencia\/wp-json\/wp\/v2\/comments?post=78"}],"version-history":[{"count":4,"href":"https:\/\/ayuntamientovicentenoble.gob.do\/transparencia\/wp-json\/wp\/v2\/pages\/78\/revisions"}],"predecessor-version":[{"id":539,"href":"https:\/\/ayuntamientovicentenoble.gob.do\/transparencia\/wp-json\/wp\/v2\/pages\/78\/revisions\/539"}],"wp:attachment":[{"href":"https:\/\/ayuntamientovicentenoble.gob.do\/transparencia\/wp-json\/wp\/v2\/media?parent=78"}],"curies":[{"name":"wp","href":"https:\/\/api.w.org\/{rel}","templated":true}]}}