{"id":262,"date":"2018-01-22T10:20:41","date_gmt":"2018-01-22T14:20:41","guid":{"rendered":"http:\/\/ayuntamiento.o\/transparencia\/?page_id=262"},"modified":"2025-03-04T09:52:19","modified_gmt":"2025-03-04T13:52:19","slug":"formulario-de-solicitud-de-informacion","status":"publish","type":"page","link":"https:\/\/ayuntamientovicentenoble.gob.do\/transparencia\/formulario-de-solicitud-de-informacion\/","title":{"rendered":"Formulario de solicitud de Informaci\u00f3n"},"content":{"rendered":"\n<p>A trav\u00e9s de este sistema los ciudadanos pueden realizar sus solicitudes de acceso a la informaci\u00f3n p\u00fablica de forma f\u00e1cil, \u00e1gil y desde cualquier punto de la geograf\u00eda nacional o mundial, salvando con esto los costos de traslado, y acercando por ende el Estado a la sociedad a trav\u00e9s del uso intensivo de las tecnolog\u00edas de la informaci\u00f3n y comunicaci\u00f3n, facilitando el control social, la transparencia, la participaci\u00f3n y colaboraci\u00f3n ciudadanas.<\/p>\n<p>Puede llenar su solicitud en el siguiente\u00a0<strong><a href=\"https:\/\/www.saip.gob.do\/apps\/sip\/?step=one\" target=\"_blank\" rel=\"noreferrer noopener\">enlace<\/a>.<\/strong><\/p>\n<p>Formulario Local: <a href=\"http:\/\/ayuntamientovicentenoble.gob.do\/transparencia\/wp-content\/uploads\/2025\/03\/FORMULARIO-DE-ACCESO-A-LA-INFORMACION-PUBLICA-VICENTE-NOBLE.pdf\">FORMULARIO DE ACCESO A LA INFORMACI\u00d3N P\u00daBLICA VICENTE NOBLE<\/a><\/p>\n<p>\u00a0<\/p>\n","protected":false},"excerpt":{"rendered":"A trav\u00e9s de este sistema los ciudadanos pueden realizar sus solicitudes de acceso a la informaci\u00f3n p\u00fablica de forma f\u00e1cil, \u00e1gil y desde cualquier punto de la geograf\u00eda nacional o mundial, salvando con esto los costos de traslado, y acercando por ende el Estado a la sociedad a trav\u00e9s del uso intensivo de las tecnolog\u00edas&#8230;","protected":false},"author":3,"featured_media":0,"parent":0,"menu_order":0,"comment_status":"closed","ping_status":"closed","template":"","meta":[],"acf":[],"_links":{"self":[{"href":"https:\/\/ayuntamientovicentenoble.gob.do\/transparencia\/wp-json\/wp\/v2\/pages\/262"}],"collection":[{"href":"https:\/\/ayuntamientovicentenoble.gob.do\/transparencia\/wp-json\/wp\/v2\/pages"}],"about":[{"href":"https:\/\/ayuntamientovicentenoble.gob.do\/transparencia\/wp-json\/wp\/v2\/types\/page"}],"author":[{"embeddable":true,"href":"https:\/\/ayuntamientovicentenoble.gob.do\/transparencia\/wp-json\/wp\/v2\/users\/3"}],"replies":[{"embeddable":true,"href":"https:\/\/ayuntamientovicentenoble.gob.do\/transparencia\/wp-json\/wp\/v2\/comments?post=262"}],"version-history":[{"count":14,"href":"https:\/\/ayuntamientovicentenoble.gob.do\/transparencia\/wp-json\/wp\/v2\/pages\/262\/revisions"}],"predecessor-version":[{"id":714,"href":"https:\/\/ayuntamientovicentenoble.gob.do\/transparencia\/wp-json\/wp\/v2\/pages\/262\/revisions\/714"}],"wp:attachment":[{"href":"https:\/\/ayuntamientovicentenoble.gob.do\/transparencia\/wp-json\/wp\/v2\/media?parent=262"}],"curies":[{"name":"wp","href":"https:\/\/api.w.org\/{rel}","templated":true}]}}