{"id":258,"date":"2018-01-22T10:17:40","date_gmt":"2018-01-22T14:17:40","guid":{"rendered":"http:\/\/ayuntamiento.o\/transparencia\/?page_id=258"},"modified":"2024-12-30T10:32:39","modified_gmt":"2024-12-30T14:32:39","slug":"responsable-de-acceso-a-la-informacion","status":"publish","type":"page","link":"https:\/\/ayuntamientovicentenoble.gob.do\/transparencia\/inicio\/responsable-de-acceso-a-la-informacion\/","title":{"rendered":"Responsable de Acceso a la Informaci\u00f3n"},"content":{"rendered":"<p><strong>Rubenyi Gonz\u00e1lez (<\/strong>Responsable de Acceso a la Informaci\u00f3n Municipal (RAIM))<br \/><strong>Tel\u00e9fono<\/strong>: 809-527-2431<br \/><strong>Extensi\u00f3n:<\/strong> 202<br \/><strong>Correo electr\u00f3nico:\u00a0<\/strong>ayuntamientovn@hotmail.com<br \/><strong>Direcci\u00f3n: <\/strong>Calle Arzobispo Meri\u00f1o No 50, Vicente Noble Barahona<\/p>\n\n\n<p><\/p>\n<figure class=\"wp-block-image size-large is-resized\"><img loading=\"lazy\" class=\"wp-image-534\" src=\"http:\/\/ayuntamientovicentenoble.gob.do\/transparencia\/wp-content\/uploads\/2024\/11\/WhatsApp-Image-2024-11-25-at-7.52.45-AM-700x700.jpeg\" alt=\"\" width=\"299\" height=\"299\" srcset=\"https:\/\/ayuntamientovicentenoble.gob.do\/transparencia\/wp-content\/uploads\/2024\/11\/WhatsApp-Image-2024-11-25-at-7.52.45-AM-700x700.jpeg 700w, https:\/\/ayuntamientovicentenoble.gob.do\/transparencia\/wp-content\/uploads\/2024\/11\/WhatsApp-Image-2024-11-25-at-7.52.45-AM-250x250.jpeg 250w, https:\/\/ayuntamientovicentenoble.gob.do\/transparencia\/wp-content\/uploads\/2024\/11\/WhatsApp-Image-2024-11-25-at-7.52.45-AM-150x150.jpeg 150w, https:\/\/ayuntamientovicentenoble.gob.do\/transparencia\/wp-content\/uploads\/2024\/11\/WhatsApp-Image-2024-11-25-at-7.52.45-AM-768x768.jpeg 768w, https:\/\/ayuntamientovicentenoble.gob.do\/transparencia\/wp-content\/uploads\/2024\/11\/WhatsApp-Image-2024-11-25-at-7.52.45-AM-120x120.jpeg 120w, https:\/\/ayuntamientovicentenoble.gob.do\/transparencia\/wp-content\/uploads\/2024\/11\/WhatsApp-Image-2024-11-25-at-7.52.45-AM.jpeg 1280w\" sizes=\"(max-width: 299px) 100vw, 299px\" \/><\/figure>\n<p><\/p>\n","protected":false},"excerpt":{"rendered":"Rubenyi Gonz\u00e1lez (Responsable de Acceso a la Informaci\u00f3n Municipal (RAIM))Tel\u00e9fono: 809-527-2431Extensi\u00f3n: 202Correo electr\u00f3nico:\u00a0ayuntamientovn@hotmail.comDirecci\u00f3n: Calle Arzobispo Meri\u00f1o No 50, Vicente Noble Barahona","protected":false},"author":3,"featured_media":0,"parent":2,"menu_order":0,"comment_status":"closed","ping_status":"closed","template":"template-home.php","meta":[],"acf":[],"_links":{"self":[{"href":"https:\/\/ayuntamientovicentenoble.gob.do\/transparencia\/wp-json\/wp\/v2\/pages\/258"}],"collection":[{"href":"https:\/\/ayuntamientovicentenoble.gob.do\/transparencia\/wp-json\/wp\/v2\/pages"}],"about":[{"href":"https:\/\/ayuntamientovicentenoble.gob.do\/transparencia\/wp-json\/wp\/v2\/types\/page"}],"author":[{"embeddable":true,"href":"https:\/\/ayuntamientovicentenoble.gob.do\/transparencia\/wp-json\/wp\/v2\/users\/3"}],"replies":[{"embeddable":true,"href":"https:\/\/ayuntamientovicentenoble.gob.do\/transparencia\/wp-json\/wp\/v2\/comments?post=258"}],"version-history":[{"count":9,"href":"https:\/\/ayuntamientovicentenoble.gob.do\/transparencia\/wp-json\/wp\/v2\/pages\/258\/revisions"}],"predecessor-version":[{"id":615,"href":"https:\/\/ayuntamientovicentenoble.gob.do\/transparencia\/wp-json\/wp\/v2\/pages\/258\/revisions\/615"}],"up":[{"embeddable":true,"href":"https:\/\/ayuntamientovicentenoble.gob.do\/transparencia\/wp-json\/wp\/v2\/pages\/2"}],"wp:attachment":[{"href":"https:\/\/ayuntamientovicentenoble.gob.do\/transparencia\/wp-json\/wp\/v2\/media?parent=258"}],"curies":[{"name":"wp","href":"https:\/\/api.w.org\/{rel}","templated":true}]}}